{"id":207,"date":"2015-06-29T10:49:57","date_gmt":"2015-06-29T10:49:57","guid":{"rendered":""},"modified":"2022-09-17T02:22:51","modified_gmt":"2022-09-17T00:22:51","slug":"contact","status":"publish","type":"page","link":"https:\/\/christophbeer.de\/human-id\/contact\/","title":{"rendered":"Contact"},"content":{"rendered":"<p>&nbsp;<\/p>\n<p><strong>Christoph Beer<br \/>\n<\/strong>Barbara-Kayser-Stra\u00dfe 1<br \/>\n70825 Korntal-M\u00fcnchingen<br \/>\ncontact@christophbeer.de<br \/>\nwww.christophbeer.de<\/p>\n<p>&nbsp;<\/p>\n<p><strong>Angaben gem\u00e4\u00df \u00a7 5 TMG:<br \/>\n<\/strong>F\u00fcr Inhalt und Gestaltung dieser privaten website verantwortlich: Christoph Beer<\/p>\n<div class=\"entry\">\n<p><strong>Urheberrecht<\/strong><br \/>\nDie durch die Seitenbetreiber erstellten Inhalte und Werke auf diesen Seiten unterliegen dem deutschen Urheberrecht. Die Vervielf\u00e4ltigung, Bearbeitung, Verbreitung und jede Art der Verwertung au\u00dferhalb der Grenzen des Urheberrechtes bed\u00fcrfen der schriftlichen Zustimmung des jeweiligen Autors bzw. Erstellers.<\/p>\n<p><strong>Bildrechte<\/strong><br \/>\nBildrechte aller Fotos und Grafiken: Christoph Beer<\/p>\n<\/div>\n","protected":false},"excerpt":{"rendered":"<p>&nbsp; Christoph Beer Barbara-Kayser-Stra\u00dfe 1 70825 Korntal-M\u00fcnchingen contact@christophbeer.de www.christophbeer.de &nbsp; Angaben gem\u00e4\u00df \u00a7 5 TMG: F\u00fcr Inhalt und Gestaltung dieser privaten website verantwortlich: Christoph Beer Urheberrecht Die durch die Seitenbetreiber erstellten Inhalte und Werke auf [&hellip;]<\/p>\n","protected":false},"author":1,"featured_media":0,"parent":0,"menu_order":0,"comment_status":"closed","ping_status":"closed","template":"","meta":{"footnotes":""},"class_list":["post-207","page","type-page","status-publish","hentry"],"_links":{"self":[{"href":"https:\/\/christophbeer.de\/human-id\/wp-json\/wp\/v2\/pages\/207","targetHints":{"allow":["GET"]}}],"collection":[{"href":"https:\/\/christophbeer.de\/human-id\/wp-json\/wp\/v2\/pages"}],"about":[{"href":"https:\/\/christophbeer.de\/human-id\/wp-json\/wp\/v2\/types\/page"}],"author":[{"embeddable":true,"href":"https:\/\/christophbeer.de\/human-id\/wp-json\/wp\/v2\/users\/1"}],"replies":[{"embeddable":true,"href":"https:\/\/christophbeer.de\/human-id\/wp-json\/wp\/v2\/comments?post=207"}],"version-history":[{"count":7,"href":"https:\/\/christophbeer.de\/human-id\/wp-json\/wp\/v2\/pages\/207\/revisions"}],"predecessor-version":[{"id":856,"href":"https:\/\/christophbeer.de\/human-id\/wp-json\/wp\/v2\/pages\/207\/revisions\/856"}],"wp:attachment":[{"href":"https:\/\/christophbeer.de\/human-id\/wp-json\/wp\/v2\/media?parent=207"}],"curies":[{"name":"wp","href":"https:\/\/api.w.org\/{rel}","templated":true}]}}